{"id":1737,"date":"2020-11-11T14:57:30","date_gmt":"2020-11-11T13:57:30","guid":{"rendered":"https:\/\/anwaelte-da.de\/imprint\/"},"modified":"2023-12-28T11:35:16","modified_gmt":"2023-12-28T10:35:16","slug":"imprint","status":"publish","type":"page","link":"https:\/\/anwaelte-da.de\/en\/imprint\/","title":{"rendered":"Imprint"},"content":{"rendered":"<div id='av-layout-grid-1'  class='av-layout-grid-container av-h5aojm-c31868f27e548b8c1746d295d05fe0b2 entry-content-wrapper main_color av-flex-cells  avia-builder-el-0  el_before_av_layout_row  avia-builder-el-first   container_wrap sidebar_right'  >\n\n<style type=\"text\/css\" data-created_by=\"avia_inline_auto\" id=\"style-css-av-fagzlu-74854691df8f3824cfb116580c5105be\">\n.flex_cell.av-fagzlu-74854691df8f3824cfb116580c5105be{\nvertical-align:middle;\nheight:500px;\nmin-height:500px;\nbackground:url(https:\/\/anwaelte-da.de\/wp-content\/uploads\/2020\/10\/arrow-left-white.svg) 100% 50% no-repeat scroll #ebebeb;\n}\n.responsive #top #wrap_all .flex_cell.av-fagzlu-74854691df8f3824cfb116580c5105be{\npadding:250px 150px 250px 150px !important;\n}\n<\/style>\n<div class='flex_cell av-fagzlu-74854691df8f3824cfb116580c5105be av-gridrow-cell av_one_half no_margin av-hide-on-mobile  avia-builder-el-1  el_before_av_cell_one_half  avia-builder-el-first  triangle-cell-left'  ><div class='flex_cell_inner'>\n<style type=\"text\/css\" data-created_by=\"avia_inline_auto\" id=\"style-css-av-eqk94y-0dddf53f308460e06dd994597a436023\">\n#top .av_textblock_section.av-eqk94y-0dddf53f308460e06dd994597a436023 .avia_textblock{\ncolor:#0b3861;\n}\n<\/style>\n<section  class='av_textblock_section av-eqk94y-0dddf53f308460e06dd994597a436023 '   itemscope=\"itemscope\" itemtype=\"https:\/\/schema.org\/CreativeWork\" ><div class='avia_textblock av_inherit_color'  itemprop=\"text\" ><h1 style=\"text-align: right;\">Imprint<\/h1>\n<\/div><\/section>\n<\/div><\/div>\n<style type=\"text\/css\" data-created_by=\"avia_inline_auto\" id=\"style-css-av-c2bymq-13a296964b86352d3c8ed9f304c3e50b\">\n.flex_cell.av-c2bymq-13a296964b86352d3c8ed9f304c3e50b{\nvertical-align:middle;\nheight:500px;\nmin-height:500px;\n}\n.responsive #top #wrap_all .flex_cell.av-c2bymq-13a296964b86352d3c8ed9f304c3e50b{\npadding:100px 100px 100px 100px !important;\n}\n\n@media only screen and (min-width: 768px) and (max-width: 989px){ \n.responsive #top #wrap_all .flex_cell.av-c2bymq-13a296964b86352d3c8ed9f304c3e50b{\npadding:25px 25px 25px 25px !important;\n}\n}\n\n@media only screen and (min-width: 480px) and (max-width: 767px){ \n.responsive #top #wrap_all .flex_cell.av-c2bymq-13a296964b86352d3c8ed9f304c3e50b{\npadding:25px 25px 25px 25px !important;\n}\n}\n\n@media only screen and (max-width: 479px){ \n.responsive #top #wrap_all .flex_cell.av-c2bymq-13a296964b86352d3c8ed9f304c3e50b{\npadding:25px 25px 25px 25px !important;\n}\n}\n<\/style>\n<div class='flex_cell av-c2bymq-13a296964b86352d3c8ed9f304c3e50b av-gridrow-cell av_one_half no_margin  avia-builder-el-3  el_after_av_cell_one_half  avia-builder-el-last '  ><div class='flex_cell_inner'><p>\n<style type=\"text\/css\" data-created_by=\"avia_inline_auto\" id=\"style-css-av-kafqqy2a-bdd3808e5413a75752d17963b2cfa5e2\">\n#top .hr.hr-invisible.av-kafqqy2a-bdd3808e5413a75752d17963b2cfa5e2{\nheight:25px;\n}\n<\/style>\n<div  class='hr av-kafqqy2a-bdd3808e5413a75752d17963b2cfa5e2 hr-invisible  avia-builder-el-4  el_before_av_textblock  avia-builder-el-first  av-desktop-hide av-medium-hide av-small-hide'><span class='hr-inner '><span class=\"hr-inner-style\"><\/span><\/span><\/div><br \/>\n<section  class='av_textblock_section av-eqk94y-6-b6e0fe3acf52d458b7b39d774dcd23ed '   itemscope=\"itemscope\" itemtype=\"https:\/\/schema.org\/CreativeWork\" ><div class='av-desktop-hide av-medium-hide av-small-hide avia_textblock av_inherit_color'  itemprop=\"text\" ><h3 style=\"text-align: left;\">Imprint<\/h3>\n<\/div><\/section><br \/>\n\n<style type=\"text\/css\" data-created_by=\"avia_inline_auto\" id=\"style-css-av-kafqqy2a-5-a93888a60e397c1898618a687ed627c5\">\n#top .hr.hr-invisible.av-kafqqy2a-5-a93888a60e397c1898618a687ed627c5{\nheight:25px;\n}\n<\/style>\n<div  class='hr av-kafqqy2a-5-a93888a60e397c1898618a687ed627c5 hr-invisible  avia-builder-el-6  el_after_av_textblock  el_before_av_textblock  av-desktop-hide av-medium-hide av-small-hide'><span class='hr-inner '><span class=\"hr-inner-style\"><\/span><\/span><\/div><br \/>\n\n<style type=\"text\/css\" data-created_by=\"avia_inline_auto\" id=\"style-css-av-6gp36q-c7e19fd72b5e892e01d67f5c44f4ed2a\">\n#top .av_textblock_section.av-6gp36q-c7e19fd72b5e892e01d67f5c44f4ed2a .avia_textblock{\nfont-size:15px;\n}\n<\/style>\n<section  class='av_textblock_section av-6gp36q-c7e19fd72b5e892e01d67f5c44f4ed2a '   itemscope=\"itemscope\" itemtype=\"https:\/\/schema.org\/CreativeWork\" ><div class='avia_textblock'  itemprop=\"text\" ><h3>Information according to Art. 5 Telemediengesetz and Dienstleistungs-Informationspflichten VO<\/h3>\n<p><strong>Lawyers&amp;Notaries<\/strong><br \/>\nAlbach, Jacoby, Landzettel, Wieland, Berg, Schiweck, Bock PartnerschaftsG mbB<\/p>\n<p>Registered in the partnership register of the<br \/>\nLocal Court Frankfurt\/M. No. PR 2146<\/p>\n<p><strong>Postal address:<\/strong><br \/>\nP.O. Box 11 01 53<\/p>\n<p><strong>House address:<\/strong><br \/>\nFriedensplatz 6, entrance<br \/>\nSchleiermacherstrasse<br \/>\n64283 Darmstadt<\/p>\n<p>Telephone: 06151 &#8211; 99 44 0<br \/>\nFax: 06151 &#8211; 29 42 83<\/p>\n<p><a href=\"mailto:info@anwaelte-da.de\">info@anwaelte-da.de<\/a><br \/>\nwww.anwaelte-da.de<\/p>\n<p><strong>Eberstadt office:<\/strong><br \/>\nAttorney at law and notary Dr. Rainer Wieland<br \/>\nReuterallee 25<br \/>\n64297 Darmstadt-Eberstadt<\/p>\n<p>Telephone: 06151 &#8211; 78 08 0-38<br \/>\nFax: 06151 &#8211; 78 08 0-39<\/p>\n<p>VAT-Id-No.: DE111681530<br \/>\nTax office Darmstadt<\/p>\n<p><strong>Supervisory authorities:<\/strong><br \/>\nFor the activity of the notaries, among others, the President of the Regional Court of Darmstadt (Mathildenplatz 13 und 15, 64283 Darmstadt, <a href=\"mailto:verwaltung@lg-darmstadt.justiz.hessen.de\">verwaltung@lg-darmstadt.justiz.hessen.de<\/a>).<br \/>\nFor the activity of lawyers: Chamber of Lawyers Frankfurt am Main (www.rechtsanwaltskammer-ffm.de), of which all professionals are members. The above-mentioned notaries are also members of the Chamber of Notaries Frankfurt am Main (www.notarkammer-ffm.de).<\/p>\n<p><strong>Professional regulations:<\/strong><br \/>\n<strong>For the notaries:<\/strong> Bundesnotarordnung (BNotO), Gesetz \u00fcber Kosten der freiwilligen Gerichtsbarkeit f\u00fcr Gerichte und Notare (GNotKG), Beurkundungsgesetz (BeurkG), Dienstordnung f\u00fcr Notarinnen und Notare (DONot) as well as guidelines for the exercise of the profession (to be found for example at www.bnotk.de).<\/p>\n<p><strong>For lawyers:<\/strong> professional code of conduct for lawyers (BORA) as well as code of conduct for specialist lawyers (FAO) (cf. www.brak.de). For the rest: Federal Lawyers&#8217; Act (BRAO), Lawyers&#8217; Remuneration Act (RVG) and Court Costs Act (GKG) (to be found via www.bmj.bund.de).<\/p>\n<p><strong>Professional liability insurer:<\/strong><br \/>\nERGO Versicherung AG,<br \/>\nVictoriaplatz 1,<br \/>\n40198 D\u00fcsseldorf (www.ergo.de);<\/p>\n<p>Territorial scope: Federal Republic of Germany.<\/p>\n<p>Platform of the EU Commission for<br \/>\nOnline Dispute Resolution: http:\/\/www.ec.europa.eu\/consumers\/odr<br \/>\nGeneral information obligation according to ? 36 VSBG:<br \/>\nCompetent consumer arbitration board: For property disputes arising from the client-attorney relationship the<\/p>\n<p><strong>Arbitration Board of the Bar Association,<\/strong><br \/>\nNeue Gr\u00fcnstra\u00dfe 17, 10179 Berlin,<br \/>\nwww.s-d-r.org, is responsible.<\/p>\n<p>In principle, we are willing to participate in the dispute resolution procedure at the arbitration board of the legal profession.<\/p>\n<\/div><\/section><\/p>\n<\/div><\/div><\/div><div id='datenschutz'  class='av-layout-grid-container av-8ogyj6-0312d74c5895b0b04220907ab7f821db entry-content-wrapper main_color av-flex-cells  avia-builder-el-8  el_after_av_layout_row  avia-builder-el-last  grid-row-not-first  container_wrap sidebar_right'  >\n\n<style type=\"text\/css\" data-created_by=\"avia_inline_auto\" id=\"style-css-av-799w82-1207f7b8f77e463b2ed113b131e2a108\">\n.flex_cell.av-799w82-1207f7b8f77e463b2ed113b131e2a108{\nvertical-align:middle;\nheight:500px;\nmin-height:500px;\n}\n.responsive #top #wrap_all .flex_cell.av-799w82-1207f7b8f77e463b2ed113b131e2a108{\npadding:100px 100px 100px 100px !important;\n}\n\n@media only screen and (min-width: 768px) and (max-width: 989px){ \n.responsive #top #wrap_all .flex_cell.av-799w82-1207f7b8f77e463b2ed113b131e2a108{\npadding:25px 25px 25px 25px !important;\n}\n}\n\n@media only screen and (min-width: 480px) and (max-width: 767px){ \n.responsive #top #wrap_all .flex_cell.av-799w82-1207f7b8f77e463b2ed113b131e2a108{\npadding:25px 25px 25px 25px !important;\n}\n}\n\n@media only screen and (max-width: 479px){ \n.responsive #top #wrap_all .flex_cell.av-799w82-1207f7b8f77e463b2ed113b131e2a108{\npadding:25px 25px 25px 25px !important;\n}\n}\n<\/style>\n<div class='flex_cell av-799w82-1207f7b8f77e463b2ed113b131e2a108 av-gridrow-cell av_one_half no_margin  avia-builder-el-9  el_before_av_cell_one_half  avia-builder-el-first '  ><div class='flex_cell_inner'><section  class='av_textblock_section av-36i46a-f388ccd8185e0f8656590159cbcadd40 '   itemscope=\"itemscope\" itemtype=\"https:\/\/schema.org\/CreativeWork\" ><div class='av-desktop-hide av-medium-hide av-small-hide avia_textblock av_inherit_color'  itemprop=\"text\" ><h3>Disclaimer<\/h3>\n<\/div><\/section><br \/>\n\n<style type=\"text\/css\" data-created_by=\"avia_inline_auto\" id=\"style-css-av-kafqqy2a-2-d51f0615948b02945fb39d25c8e809d0\">\n#top .hr.hr-invisible.av-kafqqy2a-2-d51f0615948b02945fb39d25c8e809d0{\nheight:25px;\n}\n<\/style>\n<div  class='hr av-kafqqy2a-2-d51f0615948b02945fb39d25c8e809d0 hr-invisible  avia-builder-el-11  el_after_av_textblock  el_before_av_textblock  av-desktop-hide av-medium-hide av-small-hide'><span class='hr-inner '><span class=\"hr-inner-style\"><\/span><\/span><\/div><br \/>\n\n<style type=\"text\/css\" data-created_by=\"avia_inline_auto\" id=\"style-css-av-6gp36q-3-c84741fa20918ea49e9868d1bb4a9398\">\n#top .av_textblock_section.av-6gp36q-3-c84741fa20918ea49e9868d1bb4a9398 .avia_textblock{\nfont-size:15px;\n}\n<\/style>\n<section  class='av_textblock_section av-6gp36q-3-c84741fa20918ea49e9868d1bb4a9398 '   itemscope=\"itemscope\" itemtype=\"https:\/\/schema.org\/CreativeWork\" ><div class='avia_textblock'  itemprop=\"text\" ><p>Despite careful control of the content, we assume no liability for the content of external links. The operators of the linked pages are solely responsible for their content.<\/p>\n<\/div><\/section><\/p>\n<\/div><\/div>\n<style type=\"text\/css\" data-created_by=\"avia_inline_auto\" id=\"style-css-av-44f6ia-13cdd81502bcb55dfab6f22aad6b74f3\">\n.flex_cell.av-44f6ia-13cdd81502bcb55dfab6f22aad6b74f3{\nvertical-align:middle;\nheight:500px;\nmin-height:500px;\nbackground:url(https:\/\/anwaelte-da.de\/wp-content\/uploads\/2020\/10\/arrow-right-white.svg) 0% 50% no-repeat scroll #ebebeb;\n}\n.responsive #top #wrap_all .flex_cell.av-44f6ia-13cdd81502bcb55dfab6f22aad6b74f3{\npadding:250px 150px 250px 150px !important;\n}\n<\/style>\n<div class='flex_cell av-44f6ia-13cdd81502bcb55dfab6f22aad6b74f3 av-gridrow-cell av_one_half no_margin av-hide-on-mobile  avia-builder-el-13  el_after_av_cell_one_half  avia-builder-el-last  triangle-cell-right'  ><div class='flex_cell_inner'>\n<style type=\"text\/css\" data-created_by=\"avia_inline_auto\" id=\"style-css-av-36i46a-1-3b83783e369b7b12fd884d675d4e15bc\">\n#top .av_textblock_section.av-36i46a-1-3b83783e369b7b12fd884d675d4e15bc .avia_textblock{\ncolor:#0b3861;\n}\n<\/style>\n<section  class='av_textblock_section av-36i46a-1-3b83783e369b7b12fd884d675d4e15bc '   itemscope=\"itemscope\" itemtype=\"https:\/\/schema.org\/CreativeWork\" ><div class='avia_textblock av_inherit_color'  itemprop=\"text\" ><h1>Disclaimer<\/h1>\n<\/div><\/section>\n<\/div><\/div>\n<\/div><\/p>\n","protected":false},"excerpt":{"rendered":"","protected":false},"author":4,"featured_media":0,"parent":0,"menu_order":0,"comment_status":"closed","ping_status":"closed","template":"","meta":{"_acf_changed":false,"inline_featured_image":false,"footnotes":""},"class_list":["post-1737","page","type-page","status-publish","hentry"],"acf":[],"yoast_head":"<!-- This site is optimized with the Yoast SEO plugin v25.5 - https:\/\/yoast.com\/wordpress\/plugins\/seo\/ -->\n<title>Imprint - Rechtsanw\u00e4lte &amp; Notare seit 1925 in Darmstadt<\/title>\n<meta name=\"robots\" content=\"index, follow, max-snippet:-1, max-image-preview:large, max-video-preview:-1\" \/>\n<link rel=\"canonical\" href=\"https:\/\/anwaelte-da.de\/en\/imprint\/\" \/>\n<meta property=\"og:locale\" content=\"en_GB\" \/>\n<meta property=\"og:type\" content=\"article\" \/>\n<meta property=\"og:title\" content=\"Imprint - Rechtsanw\u00e4lte &amp; Notare seit 1925 in Darmstadt\" \/>\n<meta property=\"og:url\" content=\"https:\/\/anwaelte-da.de\/en\/imprint\/\" \/>\n<meta property=\"og:site_name\" content=\"Rechtsanw\u00e4lte &amp; Notare seit 1925 in Darmstadt\" \/>\n<meta property=\"article:modified_time\" content=\"2023-12-28T10:35:16+00:00\" \/>\n<meta name=\"twitter:card\" content=\"summary_large_image\" \/>\n<meta name=\"twitter:label1\" content=\"Estimated reading time\" \/>\n\t<meta name=\"twitter:data1\" content=\"2 minutes\" \/>\n<script type=\"application\/ld+json\" class=\"yoast-schema-graph\">{\"@context\":\"https:\/\/schema.org\",\"@graph\":[{\"@type\":\"WebPage\",\"@id\":\"https:\/\/anwaelte-da.de\/en\/imprint\/\",\"url\":\"https:\/\/anwaelte-da.de\/en\/imprint\/\",\"name\":\"Imprint - Rechtsanw\u00e4lte &amp; Notare seit 1925 in Darmstadt\",\"isPartOf\":{\"@id\":\"https:\/\/anwaelte-da.de\/en\/#website\"},\"datePublished\":\"2020-11-11T13:57:30+00:00\",\"dateModified\":\"2023-12-28T10:35:16+00:00\",\"breadcrumb\":{\"@id\":\"https:\/\/anwaelte-da.de\/en\/imprint\/#breadcrumb\"},\"inLanguage\":\"en-GB\",\"potentialAction\":[{\"@type\":\"ReadAction\",\"target\":[\"https:\/\/anwaelte-da.de\/en\/imprint\/\"]}]},{\"@type\":\"BreadcrumbList\",\"@id\":\"https:\/\/anwaelte-da.de\/en\/imprint\/#breadcrumb\",\"itemListElement\":[{\"@type\":\"ListItem\",\"position\":1,\"name\":\"Startseite\",\"item\":\"https:\/\/anwaelte-da.de\/en\/home\/\"},{\"@type\":\"ListItem\",\"position\":2,\"name\":\"Imprint\"}]},{\"@type\":\"WebSite\",\"@id\":\"https:\/\/anwaelte-da.de\/en\/#website\",\"url\":\"https:\/\/anwaelte-da.de\/en\/\",\"name\":\"Rechtsanw\u00e4lte &amp; Notare seit 1925 in Darmstadt\",\"description\":\"Fachanw\u00e4lte f\u00fcr Arbeitsrecht * Familienrecht * Erbrecht * Baurecht * Gesellschaftsrecht * Verwaltungsrecht * Versicherungsrecht * Mietrecht * Steuerrecht\",\"publisher\":{\"@id\":\"https:\/\/anwaelte-da.de\/en\/#organization\"},\"potentialAction\":[{\"@type\":\"SearchAction\",\"target\":{\"@type\":\"EntryPoint\",\"urlTemplate\":\"https:\/\/anwaelte-da.de\/en\/?s={search_term_string}\"},\"query-input\":{\"@type\":\"PropertyValueSpecification\",\"valueRequired\":true,\"valueName\":\"search_term_string\"}}],\"inLanguage\":\"en-GB\"},{\"@type\":\"Organization\",\"@id\":\"https:\/\/anwaelte-da.de\/en\/#organization\",\"name\":\"Rechtsanw\u00e4lte & Notare seit 1925 in Darmstadt\",\"url\":\"https:\/\/anwaelte-da.de\/en\/\",\"logo\":{\"@type\":\"ImageObject\",\"inLanguage\":\"en-GB\",\"@id\":\"https:\/\/anwaelte-da.de\/en\/#\/schema\/logo\/image\/\",\"url\":\"https:\/\/anwaelte-da.de\/wp-content\/uploads\/2022\/11\/header.png\",\"contentUrl\":\"https:\/\/anwaelte-da.de\/wp-content\/uploads\/2022\/11\/header.png\",\"width\":250,\"height\":39,\"caption\":\"Rechtsanw\u00e4lte & Notare seit 1925 in Darmstadt\"},\"image\":{\"@id\":\"https:\/\/anwaelte-da.de\/en\/#\/schema\/logo\/image\/\"}}]}<\/script>\n<!-- \/ Yoast SEO plugin. -->","yoast_head_json":{"title":"Imprint - Rechtsanw\u00e4lte &amp; Notare seit 1925 in Darmstadt","robots":{"index":"index","follow":"follow","max-snippet":"max-snippet:-1","max-image-preview":"max-image-preview:large","max-video-preview":"max-video-preview:-1"},"canonical":"https:\/\/anwaelte-da.de\/en\/imprint\/","og_locale":"en_GB","og_type":"article","og_title":"Imprint - Rechtsanw\u00e4lte &amp; Notare seit 1925 in Darmstadt","og_url":"https:\/\/anwaelte-da.de\/en\/imprint\/","og_site_name":"Rechtsanw\u00e4lte &amp; Notare seit 1925 in Darmstadt","article_modified_time":"2023-12-28T10:35:16+00:00","twitter_card":"summary_large_image","twitter_misc":{"Estimated reading time":"2 minutes"},"schema":{"@context":"https:\/\/schema.org","@graph":[{"@type":"WebPage","@id":"https:\/\/anwaelte-da.de\/en\/imprint\/","url":"https:\/\/anwaelte-da.de\/en\/imprint\/","name":"Imprint - Rechtsanw\u00e4lte &amp; Notare seit 1925 in Darmstadt","isPartOf":{"@id":"https:\/\/anwaelte-da.de\/en\/#website"},"datePublished":"2020-11-11T13:57:30+00:00","dateModified":"2023-12-28T10:35:16+00:00","breadcrumb":{"@id":"https:\/\/anwaelte-da.de\/en\/imprint\/#breadcrumb"},"inLanguage":"en-GB","potentialAction":[{"@type":"ReadAction","target":["https:\/\/anwaelte-da.de\/en\/imprint\/"]}]},{"@type":"BreadcrumbList","@id":"https:\/\/anwaelte-da.de\/en\/imprint\/#breadcrumb","itemListElement":[{"@type":"ListItem","position":1,"name":"Startseite","item":"https:\/\/anwaelte-da.de\/en\/home\/"},{"@type":"ListItem","position":2,"name":"Imprint"}]},{"@type":"WebSite","@id":"https:\/\/anwaelte-da.de\/en\/#website","url":"https:\/\/anwaelte-da.de\/en\/","name":"Rechtsanw\u00e4lte &amp; Notare seit 1925 in Darmstadt","description":"Fachanw\u00e4lte f\u00fcr Arbeitsrecht * Familienrecht * Erbrecht * Baurecht * Gesellschaftsrecht * Verwaltungsrecht * Versicherungsrecht * Mietrecht * Steuerrecht","publisher":{"@id":"https:\/\/anwaelte-da.de\/en\/#organization"},"potentialAction":[{"@type":"SearchAction","target":{"@type":"EntryPoint","urlTemplate":"https:\/\/anwaelte-da.de\/en\/?s={search_term_string}"},"query-input":{"@type":"PropertyValueSpecification","valueRequired":true,"valueName":"search_term_string"}}],"inLanguage":"en-GB"},{"@type":"Organization","@id":"https:\/\/anwaelte-da.de\/en\/#organization","name":"Rechtsanw\u00e4lte & Notare seit 1925 in Darmstadt","url":"https:\/\/anwaelte-da.de\/en\/","logo":{"@type":"ImageObject","inLanguage":"en-GB","@id":"https:\/\/anwaelte-da.de\/en\/#\/schema\/logo\/image\/","url":"https:\/\/anwaelte-da.de\/wp-content\/uploads\/2022\/11\/header.png","contentUrl":"https:\/\/anwaelte-da.de\/wp-content\/uploads\/2022\/11\/header.png","width":250,"height":39,"caption":"Rechtsanw\u00e4lte & Notare seit 1925 in Darmstadt"},"image":{"@id":"https:\/\/anwaelte-da.de\/en\/#\/schema\/logo\/image\/"}}]}},"_links":{"self":[{"href":"https:\/\/anwaelte-da.de\/en\/wp-json\/wp\/v2\/pages\/1737","targetHints":{"allow":["GET"]}}],"collection":[{"href":"https:\/\/anwaelte-da.de\/en\/wp-json\/wp\/v2\/pages"}],"about":[{"href":"https:\/\/anwaelte-da.de\/en\/wp-json\/wp\/v2\/types\/page"}],"author":[{"embeddable":true,"href":"https:\/\/anwaelte-da.de\/en\/wp-json\/wp\/v2\/users\/4"}],"replies":[{"embeddable":true,"href":"https:\/\/anwaelte-da.de\/en\/wp-json\/wp\/v2\/comments?post=1737"}],"version-history":[{"count":3,"href":"https:\/\/anwaelte-da.de\/en\/wp-json\/wp\/v2\/pages\/1737\/revisions"}],"predecessor-version":[{"id":2052,"href":"https:\/\/anwaelte-da.de\/en\/wp-json\/wp\/v2\/pages\/1737\/revisions\/2052"}],"wp:attachment":[{"href":"https:\/\/anwaelte-da.de\/en\/wp-json\/wp\/v2\/media?parent=1737"}],"curies":[{"name":"wp","href":"https:\/\/api.w.org\/{rel}","templated":true}]}}