{"id":1717,"date":"2022-11-28T12:37:53","date_gmt":"2022-11-28T11:37:53","guid":{"rendered":"https:\/\/anwaelte-da.de\/news\/"},"modified":"2023-04-07T09:39:19","modified_gmt":"2023-04-07T08:39:19","slug":"news","status":"publish","type":"page","link":"https:\/\/anwaelte-da.de\/en\/news\/","title":{"rendered":"News"},"content":{"rendered":"\n<style type=\"text\/css\" data-created_by=\"avia_inline_auto\" id=\"style-css-av-lb2dlhmq-56487ae580dbd2dea80edda125c73c00\">\n.avia-section.av-lb2dlhmq-56487ae580dbd2dea80edda125c73c00{\nbackground-repeat:no-repeat;\nbackground-image:url(https:\/\/anwaelte-da.de\/wp-content\/uploads\/2022\/11\/news-header.jpg);\nbackground-position:50% 50%;\nbackground-attachment:scroll;\n}\n.avia-section.av-lb2dlhmq-56487ae580dbd2dea80edda125c73c00 .av-section-color-overlay{\nopacity:0.7;\nbackground-color:#ffffff;\n}\n<\/style>\n<div id='av_section_1'  class='avia-section av-lb2dlhmq-56487ae580dbd2dea80edda125c73c00 main_color avia-section-default avia-no-border-styling  avia-builder-el-0  el_before_av_one_full  avia-builder-el-first  avia-full-stretch avia-bg-style-scroll av-section-color-overlay-active av-minimum-height av-minimum-height-custom av-height-custom  container_wrap sidebar_right'  data-section-bg-repeat='stretch' data-av_minimum_height_px='450'><div class=\"av-section-color-overlay-wrap\"><div class=\"av-section-color-overlay\"><\/div><div class='container av-section-cont-open' style='height:450px'><main  role=\"main\" itemprop=\"mainContentOfPage\"  class='template-page content  av-content-small alpha units'><div class='post-entry post-entry-type-page post-entry-1717'><div class='entry-content-wrapper clearfix'>\n\n<style type=\"text\/css\" data-created_by=\"avia_inline_auto\" id=\"style-css-av-lb2dmme8-091cecf23692edff7a9c03e9c239f289\">\n#top .av_textblock_section.av-lb2dmme8-091cecf23692edff7a9c03e9c239f289 .avia_textblock{\ncolor:#0b3861;\n}\n<\/style>\n<section  class='av_textblock_section av-lb2dmme8-091cecf23692edff7a9c03e9c239f289 '   itemscope=\"itemscope\" itemtype=\"https:\/\/schema.org\/CreativeWork\" ><div class='avia_textblock av_inherit_color'  itemprop=\"text\" ><h1>News<\/h1>\n<\/div><\/section>\n<\/div><\/div><\/main><!-- close content main element --><\/div><\/div><\/div><div id='after_section_1'  class='main_color av_default_container_wrap container_wrap sidebar_right'  ><div class='container av-section-cont-open' ><div class='template-page content  av-content-small alpha units'><div class='post-entry post-entry-type-page post-entry-1717'><div class='entry-content-wrapper clearfix'>\n<div  class='flex_column av-9na6b-22b360234887f4ec99c9724d76d71b5d av_one_full  avia-builder-el-2  el_after_av_section  avia-builder-el-no-sibling  first flex_column_div  '     ><div  class='av-alb-blogposts template-blog  av-blog-meta-comments-disabled '  itemscope=\"itemscope\" itemtype=\"https:\/\/schema.org\/Blog\" ><article class=\"post-entry post-entry-type-standard post-entry-2067 post-loop-1 post-parity-odd bloglist-excerpt  post-2067 post type-post status-publish format-standard hentry category-aktuelles\"  itemscope=\"itemscope\" itemtype=\"https:\/\/schema.org\/BlogPosting\" ><div class=\"blog-meta\"><\/div><div class='entry-content-wrapper clearfix standard-content'><header class=\"entry-content-header\" aria-label=\"Post: Herr Dr. Gregor Albach nun auch Fachanwalt f\u00fcr Verwaltungsrecht\"><h2 class='post-title entry-title '  itemprop=\"headline\" ><a href=\"https:\/\/anwaelte-da.de\/en\/herr-dr-gregor-albach-nun-auch-fachanwalt-fuer-verwaltungsrecht\/\" rel=\"bookmark\" title=\"Permanent Link: Herr Dr. Gregor Albach nun auch Fachanwalt f\u00fcr Verwaltungsrecht\">Herr Dr. Gregor Albach nun auch Fachanwalt f\u00fcr Verwaltungsrecht<span class=\"post-format-icon minor-meta\"><\/span><\/a><\/h2><\/header><span class=\"post-meta-infos\"><time class=\"date-container minor-meta updated\"  itemprop=\"datePublished\" datetime=\"2024-05-03T14:04:14+01:00\" >03.05.2024<\/time><span class=\"text-sep\">\/<\/span><span class=\"blog-author minor-meta\">by <span class=\"entry-author-link\"  itemprop=\"author\" ><span class=\"author\"><span class=\"fn\"><a href=\"https:\/\/anwaelte-da.de\/en\/author\/gregor-albachanwaelte-da-de\/\" title=\"Posts by Gregor Albach\" rel=\"author\">Gregor Albach<\/a><\/span><\/span><\/span><\/span><\/span><p>Unserem Partner Dr. Gregor Albach wurde im April 2024 vom Vorstand der Rechtsanwaltskammer Frankfurt am Main auf Grund der nachgewiesenen besonderen theoretischen Kenntnisse und praktischen Erfahrungen die Befugnis verliehen, die Bezeichnung &#8220;Fachanwalt f\u00fcr Verwaltungsrecht&#8221; zu f\u00fchren. Als Fachanwalt f\u00fcr Bau- und Architektenrecht und Fachanwalt f\u00fcr Verwaltungsrecht ist Herr Dr. Albach somit insbesondere in der Schnittmenge [&hellip;]<\/p>\n<div class=\"read-more-link\"><a href=\"https:\/\/anwaelte-da.de\/en\/herr-dr-gregor-albach-nun-auch-fachanwalt-fuer-verwaltungsrecht\/\" class=\"more-link\">Read more<span class=\"more-link-arrow\"><\/span><\/a><\/div><footer class=\"entry-footer\"><\/footer><div class='post_delimiter'><\/div><\/div><div class=\"post_author_timeline\"><\/div><span class='hidden'>\n\t\t\t\t<span class='av-structured-data'  itemprop=\"image\" itemscope=\"itemscope\" itemtype=\"https:\/\/schema.org\/ImageObject\" >\n\t\t\t\t\t\t<span itemprop='url'>https:\/\/anwaelte-da.de\/wp-content\/uploads\/2022\/12\/logo-anwaelte-da-colored.svg<\/span>\n\t\t\t\t\t\t<span itemprop='height'>0<\/span>\n\t\t\t\t\t\t<span itemprop='width'>0<\/span>\n\t\t\t\t<\/span>\n\t\t\t\t<span class='av-structured-data'  itemprop=\"publisher\" itemtype=\"https:\/\/schema.org\/Organization\" itemscope=\"itemscope\" >\n\t\t\t\t\t\t<span itemprop='name'>Gregor Albach<\/span>\n\t\t\t\t\t\t<span itemprop='logo' itemscope itemtype='https:\/\/schema.org\/ImageObject'>\n\t\t\t\t\t\t\t<span itemprop='url'>https:\/\/anwaelte-da.de\/wp-content\/uploads\/2022\/12\/logo-anwaelte-da-colored.svg<\/span>\n\t\t\t\t\t\t<\/span>\n\t\t\t\t<\/span><span class='av-structured-data'  itemprop=\"author\" itemscope=\"itemscope\" itemtype=\"https:\/\/schema.org\/Person\" ><span itemprop='name'>Gregor Albach<\/span><\/span><span class='av-structured-data'  itemprop=\"datePublished\" datetime=\"2024-05-03T14:04:14+01:00\" >2024-05-03 14:04:14<\/span><span class='av-structured-data'  itemprop=\"dateModified\" itemtype=\"https:\/\/schema.org\/dateModified\" >2024-05-08 08:34:33<\/span><span class='av-structured-data'  itemprop=\"mainEntityOfPage\" itemtype=\"https:\/\/schema.org\/mainEntityOfPage\" ><span itemprop='name'>Herr Dr. Gregor Albach nun auch Fachanwalt f\u00fcr Verwaltungsrecht<\/span><\/span><\/span><\/article><article class=\"post-entry post-entry-type-standard post-entry-2020 post-loop-2 post-parity-even bloglist-excerpt  post-2020 post type-post status-publish format-standard hentry category-aktuelles\"  itemscope=\"itemscope\" itemtype=\"https:\/\/schema.org\/BlogPosting\" ><div class=\"blog-meta\"><\/div><div class='entry-content-wrapper clearfix standard-content'><header class=\"entry-content-header\" aria-label=\"Post: Herr Dr. Gregor Albach zum Notar bestellt\"><h2 class='post-title entry-title '  itemprop=\"headline\" ><a href=\"https:\/\/anwaelte-da.de\/en\/herr-dr-gregor-albach-zum-notar-bestellt\/\" rel=\"bookmark\" title=\"Permanent Link: Herr Dr. Gregor Albach zum Notar bestellt\">Herr Dr. Gregor Albach zum Notar bestellt<span class=\"post-format-icon minor-meta\"><\/span><\/a><\/h2><\/header><span class=\"post-meta-infos\"><time class=\"date-container minor-meta updated\"  itemprop=\"datePublished\" datetime=\"2023-12-12T09:43:37+01:00\" >12.12.2023<\/time><span class=\"text-sep\">\/<\/span><span class=\"blog-author minor-meta\">by <span class=\"entry-author-link\"  itemprop=\"author\" ><span class=\"author\"><span class=\"fn\"><a href=\"https:\/\/anwaelte-da.de\/en\/author\/gregor-albachanwaelte-da-de\/\" title=\"Posts by Gregor Albach\" rel=\"author\">Gregor Albach<\/a><\/span><\/span><\/span><\/span><\/span><p>Wir gratulieren unserem Partner Dr. Gregor Albach zu seiner Bestellung zum Notar mit Amtssitz in M\u00fchltal! Herr Dr. Albach steht Ihnen k\u00fcnftig an unserem neuen Standort in der Dornwegsh\u00f6hstra\u00dfe 6, 64367 M\u00fchltal in s\u00e4mtlichen notariellen Fragestellungen zur Verf\u00fcgung. Somit sind in unserer Soziet\u00e4t k\u00fcnftig an insgesamt drei Standorten insgesamt sieben Notare f\u00fcr Sie t\u00e4tig: An [&hellip;]<\/p>\n<div class=\"read-more-link\"><a href=\"https:\/\/anwaelte-da.de\/en\/herr-dr-gregor-albach-zum-notar-bestellt\/\" class=\"more-link\">Read more<span class=\"more-link-arrow\"><\/span><\/a><\/div><footer class=\"entry-footer\"><\/footer><div class='post_delimiter'><\/div><\/div><div class=\"post_author_timeline\"><\/div><span class='hidden'>\n\t\t\t\t<span class='av-structured-data'  itemprop=\"image\" itemscope=\"itemscope\" itemtype=\"https:\/\/schema.org\/ImageObject\" >\n\t\t\t\t\t\t<span itemprop='url'>https:\/\/anwaelte-da.de\/wp-content\/uploads\/2022\/12\/logo-anwaelte-da-colored.svg<\/span>\n\t\t\t\t\t\t<span itemprop='height'>0<\/span>\n\t\t\t\t\t\t<span itemprop='width'>0<\/span>\n\t\t\t\t<\/span>\n\t\t\t\t<span class='av-structured-data'  itemprop=\"publisher\" itemtype=\"https:\/\/schema.org\/Organization\" itemscope=\"itemscope\" >\n\t\t\t\t\t\t<span itemprop='name'>Gregor Albach<\/span>\n\t\t\t\t\t\t<span itemprop='logo' itemscope itemtype='https:\/\/schema.org\/ImageObject'>\n\t\t\t\t\t\t\t<span itemprop='url'>https:\/\/anwaelte-da.de\/wp-content\/uploads\/2022\/12\/logo-anwaelte-da-colored.svg<\/span>\n\t\t\t\t\t\t<\/span>\n\t\t\t\t<\/span><span class='av-structured-data'  itemprop=\"author\" itemscope=\"itemscope\" itemtype=\"https:\/\/schema.org\/Person\" ><span itemprop='name'>Gregor Albach<\/span><\/span><span class='av-structured-data'  itemprop=\"datePublished\" datetime=\"2023-12-12T09:43:37+01:00\" >2023-12-12 09:43:37<\/span><span class='av-structured-data'  itemprop=\"dateModified\" itemtype=\"https:\/\/schema.org\/dateModified\" >2023-12-12 09:49:56<\/span><span class='av-structured-data'  itemprop=\"mainEntityOfPage\" itemtype=\"https:\/\/schema.org\/mainEntityOfPage\" ><span itemprop='name'>Herr Dr. Gregor Albach zum Notar bestellt<\/span><\/span><\/span><\/article><article class=\"post-entry post-entry-type-standard post-entry-2011 post-loop-3 post-parity-odd post-entry-last bloglist-excerpt  post-2011 post type-post status-publish format-standard hentry category-aktuelles\"  itemscope=\"itemscope\" itemtype=\"https:\/\/schema.org\/BlogPosting\" ><div class=\"blog-meta\"><\/div><div class='entry-content-wrapper clearfix standard-content'><header class=\"entry-content-header\" aria-label=\"Post: Wir sind Expertenmitglied des ryon GreenTech Accelerators\"><h2 class='post-title entry-title '  itemprop=\"headline\" ><a href=\"https:\/\/anwaelte-da.de\/en\/wir-sind-expertenmitglied-des-ryon-greentech-accelerators\/\" rel=\"bookmark\" title=\"Permanent Link: Wir sind Expertenmitglied des ryon GreenTech Accelerators\">Wir sind Expertenmitglied des ryon GreenTech Accelerators<span class=\"post-format-icon minor-meta\"><\/span><\/a><\/h2><\/header><span class=\"post-meta-infos\"><time class=\"date-container minor-meta updated\"  itemprop=\"datePublished\" datetime=\"2023-11-15T10:22:34+01:00\" >15.11.2023<\/time><span class=\"text-sep\">\/<\/span><span class=\"blog-author minor-meta\">by <span class=\"entry-author-link\"  itemprop=\"author\" ><span class=\"author\"><span class=\"fn\"><a href=\"https:\/\/anwaelte-da.de\/en\/author\/bockanwaelte-da-de\/\" title=\"Posts by Lenard Bock\" rel=\"author\">Lenard Bock<\/a><\/span><\/span><\/span><\/span><\/span><p>Wir freuen uns als Expertenmitglied des ryon GreenTech Accelerators das Rhein-Main-Neckar GreenTech Cluster und Startups mit unserer Expertise weiter zu unterst\u00fctzen, nachdem bereits die Betreibergesellschaft GreenTech Accelerator Gernsheim GmbH bei einem unserer Notare, Dr. Wulf Albach, gegr\u00fcndet wurde. Wir freuen uns auf die k\u00fcnftige Zusammenarbeit und Kooperation sowie den Kontakt zu spannenden GreenTech Startups. Der [&hellip;]<\/p>\n<div class=\"read-more-link\"><a href=\"https:\/\/anwaelte-da.de\/en\/wir-sind-expertenmitglied-des-ryon-greentech-accelerators\/\" class=\"more-link\">Read more<span class=\"more-link-arrow\"><\/span><\/a><\/div><footer class=\"entry-footer\"><\/footer><div class='post_delimiter'><\/div><\/div><div class=\"post_author_timeline\"><\/div><span class='hidden'>\n\t\t\t\t<span class='av-structured-data'  itemprop=\"image\" itemscope=\"itemscope\" itemtype=\"https:\/\/schema.org\/ImageObject\" >\n\t\t\t\t\t\t<span itemprop='url'>https:\/\/anwaelte-da.de\/wp-content\/uploads\/2022\/12\/logo-anwaelte-da-colored.svg<\/span>\n\t\t\t\t\t\t<span itemprop='height'>0<\/span>\n\t\t\t\t\t\t<span itemprop='width'>0<\/span>\n\t\t\t\t<\/span>\n\t\t\t\t<span class='av-structured-data'  itemprop=\"publisher\" itemtype=\"https:\/\/schema.org\/Organization\" itemscope=\"itemscope\" >\n\t\t\t\t\t\t<span itemprop='name'>Lenard Bock<\/span>\n\t\t\t\t\t\t<span itemprop='logo' itemscope itemtype='https:\/\/schema.org\/ImageObject'>\n\t\t\t\t\t\t\t<span itemprop='url'>https:\/\/anwaelte-da.de\/wp-content\/uploads\/2022\/12\/logo-anwaelte-da-colored.svg<\/span>\n\t\t\t\t\t\t<\/span>\n\t\t\t\t<\/span><span class='av-structured-data'  itemprop=\"author\" itemscope=\"itemscope\" itemtype=\"https:\/\/schema.org\/Person\" ><span itemprop='name'>Lenard Bock<\/span><\/span><span class='av-structured-data'  itemprop=\"datePublished\" datetime=\"2023-11-15T10:22:34+01:00\" >2023-11-15 10:22:34<\/span><span class='av-structured-data'  itemprop=\"dateModified\" itemtype=\"https:\/\/schema.org\/dateModified\" >2023-11-15 10:29:36<\/span><span class='av-structured-data'  itemprop=\"mainEntityOfPage\" itemtype=\"https:\/\/schema.org\/mainEntityOfPage\" ><span itemprop='name'>Wir sind Expertenmitglied des ryon GreenTech Accelerators<\/span><\/span><\/span><\/article><div class='bloglist-excerpt'><nav class='pagination'><span class='pagination-meta'>Page 1 of 36<\/span><span class='current'>1<\/span><a href='https:\/\/anwaelte-da.de\/en\/wp-json\/wp\/v2\/pages\/1717\/page\/2\/' class='inactive next_page' >2<\/a><a href='https:\/\/anwaelte-da.de\/en\/wp-json\/wp\/v2\/pages\/1717\/page\/3\/' class='inactive' >3<\/a><a href='https:\/\/anwaelte-da.de\/en\/wp-json\/wp\/v2\/pages\/1717\/page\/2\/'>&rsaquo;<\/a><a href='https:\/\/anwaelte-da.de\/en\/wp-json\/wp\/v2\/pages\/1717\/page\/36\/'>&raquo;<\/a><\/nav>\n<\/div><\/div><\/div>\n","protected":false},"excerpt":{"rendered":"","protected":false},"author":4,"featured_media":0,"parent":0,"menu_order":0,"comment_status":"closed","ping_status":"closed","template":"","meta":{"_acf_changed":false,"inline_featured_image":false,"footnotes":""},"class_list":["post-1717","page","type-page","status-publish","hentry"],"acf":[],"yoast_head":"<!-- This site is optimized with the Yoast SEO plugin v25.5 - https:\/\/yoast.com\/wordpress\/plugins\/seo\/ -->\n<title>News - Rechtsanw\u00e4lte &amp; Notare seit 1925 in Darmstadt<\/title>\n<meta name=\"robots\" content=\"index, follow, max-snippet:-1, max-image-preview:large, max-video-preview:-1\" \/>\n<link rel=\"canonical\" href=\"https:\/\/anwaelte-da.de\/en\/news\/\" \/>\n<meta property=\"og:locale\" content=\"en_GB\" \/>\n<meta property=\"og:type\" content=\"article\" \/>\n<meta property=\"og:title\" content=\"News - Rechtsanw\u00e4lte &amp; Notare seit 1925 in Darmstadt\" \/>\n<meta property=\"og:url\" content=\"https:\/\/anwaelte-da.de\/en\/news\/\" \/>\n<meta property=\"og:site_name\" content=\"Rechtsanw\u00e4lte &amp; Notare seit 1925 in Darmstadt\" \/>\n<meta property=\"article:modified_time\" content=\"2023-04-07T08:39:19+00:00\" \/>\n<meta name=\"twitter:card\" content=\"summary_large_image\" \/>\n<meta name=\"twitter:label1\" content=\"Estimated reading time\" \/>\n\t<meta name=\"twitter:data1\" content=\"1 minute\" \/>\n<script type=\"application\/ld+json\" class=\"yoast-schema-graph\">{\"@context\":\"https:\/\/schema.org\",\"@graph\":[{\"@type\":\"WebPage\",\"@id\":\"https:\/\/anwaelte-da.de\/en\/news\/\",\"url\":\"https:\/\/anwaelte-da.de\/en\/news\/\",\"name\":\"News - Rechtsanw\u00e4lte &amp; Notare seit 1925 in Darmstadt\",\"isPartOf\":{\"@id\":\"https:\/\/anwaelte-da.de\/en\/#website\"},\"datePublished\":\"2022-11-28T11:37:53+00:00\",\"dateModified\":\"2023-04-07T08:39:19+00:00\",\"breadcrumb\":{\"@id\":\"https:\/\/anwaelte-da.de\/en\/news\/#breadcrumb\"},\"inLanguage\":\"en-GB\",\"potentialAction\":[{\"@type\":\"ReadAction\",\"target\":[\"https:\/\/anwaelte-da.de\/en\/news\/\"]}]},{\"@type\":\"BreadcrumbList\",\"@id\":\"https:\/\/anwaelte-da.de\/en\/news\/#breadcrumb\",\"itemListElement\":[{\"@type\":\"ListItem\",\"position\":1,\"name\":\"Startseite\",\"item\":\"https:\/\/anwaelte-da.de\/en\/home\/\"},{\"@type\":\"ListItem\",\"position\":2,\"name\":\"News\"}]},{\"@type\":\"WebSite\",\"@id\":\"https:\/\/anwaelte-da.de\/en\/#website\",\"url\":\"https:\/\/anwaelte-da.de\/en\/\",\"name\":\"Rechtsanw\u00e4lte &amp; Notare seit 1925 in Darmstadt\",\"description\":\"Fachanw\u00e4lte f\u00fcr Arbeitsrecht * Familienrecht * Erbrecht * Baurecht * Gesellschaftsrecht * Verwaltungsrecht * Versicherungsrecht * Mietrecht * Steuerrecht\",\"publisher\":{\"@id\":\"https:\/\/anwaelte-da.de\/en\/#organization\"},\"potentialAction\":[{\"@type\":\"SearchAction\",\"target\":{\"@type\":\"EntryPoint\",\"urlTemplate\":\"https:\/\/anwaelte-da.de\/en\/?s={search_term_string}\"},\"query-input\":{\"@type\":\"PropertyValueSpecification\",\"valueRequired\":true,\"valueName\":\"search_term_string\"}}],\"inLanguage\":\"en-GB\"},{\"@type\":\"Organization\",\"@id\":\"https:\/\/anwaelte-da.de\/en\/#organization\",\"name\":\"Rechtsanw\u00e4lte & Notare seit 1925 in Darmstadt\",\"url\":\"https:\/\/anwaelte-da.de\/en\/\",\"logo\":{\"@type\":\"ImageObject\",\"inLanguage\":\"en-GB\",\"@id\":\"https:\/\/anwaelte-da.de\/en\/#\/schema\/logo\/image\/\",\"url\":\"https:\/\/anwaelte-da.de\/wp-content\/uploads\/2022\/11\/header.png\",\"contentUrl\":\"https:\/\/anwaelte-da.de\/wp-content\/uploads\/2022\/11\/header.png\",\"width\":250,\"height\":39,\"caption\":\"Rechtsanw\u00e4lte & Notare seit 1925 in Darmstadt\"},\"image\":{\"@id\":\"https:\/\/anwaelte-da.de\/en\/#\/schema\/logo\/image\/\"}}]}<\/script>\n<!-- \/ Yoast SEO plugin. -->","yoast_head_json":{"title":"News - Rechtsanw\u00e4lte &amp; Notare seit 1925 in Darmstadt","robots":{"index":"index","follow":"follow","max-snippet":"max-snippet:-1","max-image-preview":"max-image-preview:large","max-video-preview":"max-video-preview:-1"},"canonical":"https:\/\/anwaelte-da.de\/en\/news\/","og_locale":"en_GB","og_type":"article","og_title":"News - Rechtsanw\u00e4lte &amp; Notare seit 1925 in Darmstadt","og_url":"https:\/\/anwaelte-da.de\/en\/news\/","og_site_name":"Rechtsanw\u00e4lte &amp; Notare seit 1925 in Darmstadt","article_modified_time":"2023-04-07T08:39:19+00:00","twitter_card":"summary_large_image","twitter_misc":{"Estimated reading time":"1 minute"},"schema":{"@context":"https:\/\/schema.org","@graph":[{"@type":"WebPage","@id":"https:\/\/anwaelte-da.de\/en\/news\/","url":"https:\/\/anwaelte-da.de\/en\/news\/","name":"News - Rechtsanw\u00e4lte &amp; Notare seit 1925 in Darmstadt","isPartOf":{"@id":"https:\/\/anwaelte-da.de\/en\/#website"},"datePublished":"2022-11-28T11:37:53+00:00","dateModified":"2023-04-07T08:39:19+00:00","breadcrumb":{"@id":"https:\/\/anwaelte-da.de\/en\/news\/#breadcrumb"},"inLanguage":"en-GB","potentialAction":[{"@type":"ReadAction","target":["https:\/\/anwaelte-da.de\/en\/news\/"]}]},{"@type":"BreadcrumbList","@id":"https:\/\/anwaelte-da.de\/en\/news\/#breadcrumb","itemListElement":[{"@type":"ListItem","position":1,"name":"Startseite","item":"https:\/\/anwaelte-da.de\/en\/home\/"},{"@type":"ListItem","position":2,"name":"News"}]},{"@type":"WebSite","@id":"https:\/\/anwaelte-da.de\/en\/#website","url":"https:\/\/anwaelte-da.de\/en\/","name":"Rechtsanw\u00e4lte &amp; Notare seit 1925 in Darmstadt","description":"Fachanw\u00e4lte f\u00fcr Arbeitsrecht * Familienrecht * Erbrecht * Baurecht * Gesellschaftsrecht * Verwaltungsrecht * Versicherungsrecht * Mietrecht * Steuerrecht","publisher":{"@id":"https:\/\/anwaelte-da.de\/en\/#organization"},"potentialAction":[{"@type":"SearchAction","target":{"@type":"EntryPoint","urlTemplate":"https:\/\/anwaelte-da.de\/en\/?s={search_term_string}"},"query-input":{"@type":"PropertyValueSpecification","valueRequired":true,"valueName":"search_term_string"}}],"inLanguage":"en-GB"},{"@type":"Organization","@id":"https:\/\/anwaelte-da.de\/en\/#organization","name":"Rechtsanw\u00e4lte & Notare seit 1925 in Darmstadt","url":"https:\/\/anwaelte-da.de\/en\/","logo":{"@type":"ImageObject","inLanguage":"en-GB","@id":"https:\/\/anwaelte-da.de\/en\/#\/schema\/logo\/image\/","url":"https:\/\/anwaelte-da.de\/wp-content\/uploads\/2022\/11\/header.png","contentUrl":"https:\/\/anwaelte-da.de\/wp-content\/uploads\/2022\/11\/header.png","width":250,"height":39,"caption":"Rechtsanw\u00e4lte & Notare seit 1925 in Darmstadt"},"image":{"@id":"https:\/\/anwaelte-da.de\/en\/#\/schema\/logo\/image\/"}}]}},"_links":{"self":[{"href":"https:\/\/anwaelte-da.de\/en\/wp-json\/wp\/v2\/pages\/1717","targetHints":{"allow":["GET"]}}],"collection":[{"href":"https:\/\/anwaelte-da.de\/en\/wp-json\/wp\/v2\/pages"}],"about":[{"href":"https:\/\/anwaelte-da.de\/en\/wp-json\/wp\/v2\/types\/page"}],"author":[{"embeddable":true,"href":"https:\/\/anwaelte-da.de\/en\/wp-json\/wp\/v2\/users\/4"}],"replies":[{"embeddable":true,"href":"https:\/\/anwaelte-da.de\/en\/wp-json\/wp\/v2\/comments?post=1717"}],"version-history":[{"count":1,"href":"https:\/\/anwaelte-da.de\/en\/wp-json\/wp\/v2\/pages\/1717\/revisions"}],"predecessor-version":[{"id":1939,"href":"https:\/\/anwaelte-da.de\/en\/wp-json\/wp\/v2\/pages\/1717\/revisions\/1939"}],"wp:attachment":[{"href":"https:\/\/anwaelte-da.de\/en\/wp-json\/wp\/v2\/media?parent=1717"}],"curies":[{"name":"wp","href":"https:\/\/api.w.org\/{rel}","templated":true}]}}